{"id":62,"date":"2020-01-07T12:26:16","date_gmt":"2020-01-07T11:26:16","guid":{"rendered":"http:\/\/kegeln-in-neheim.de\/?page_id=62"},"modified":"2022-02-07T20:12:51","modified_gmt":"2022-02-07T19:12:51","slug":"kontakt","status":"publish","type":"page","link":"https:\/\/kegeln-in-neheim.de\/?page_id=62","title":{"rendered":"Kontakt"},"content":{"rendered":"\n<p class=\"has-text-align-left\"><strong>Fragen zur Belegung, Buchung, Zeiten und Terminanfragen<\/strong> <strong>bitte ausschlie\u00dflich an das <\/strong><br><br><strong>zentrale Pfarrb\u00fcro:<\/strong><br><br> Kath. KG St. Johannes Baptist Neheim und Vo\u00dfwinkel<br> Hauptstra\u00dfe 11<br> 59755 Arnsberg<br><br> Telefon: 02932 &#8211; 900 85 00<br> Email: <a href=\"mailto:pfarrheim.belegung@kirche-neheim.de\">pfarrheim.belegung@kirche-neheim.de<\/a> <br> Homepage: <a href=\"https:\/\/kirche-neheim.de\/\">www.kirche-neheim.de<\/a><\/p>\n\n\n\n<p><br><br>dort hilft man dir gerne weiter.<\/p>\n\n\n\n<p><\/p>\n\n\n\n<p><\/p>\n\n\n\n<p><\/p>\n\n\n\n<p><br><br>Kontakt zur<br><strong>Kegelbahninteressengemeinschaft (KIG):<\/strong><br><br><strong><em>Vorsitzender:<\/em><\/strong><br><br>Guido Reffelmann<br>M\u00fcggenbergring 30<br>59755 Arnsberg<br><br>Tel.: 02932 &#8211; 22593<br>Email: <a href=\"mailto:greffelmann@reffi.net\">greffelmann@reffi.net<\/a><\/p>\n","protected":false},"excerpt":{"rendered":"<p>Fragen zur Belegung, Buchung, Zeiten und Terminanfragen bitte ausschlie\u00dflich an das zentrale Pfarrb\u00fcro: Kath. KG St. Johannes Baptist Neheim und Vo\u00dfwinkel Hauptstra\u00dfe<\/p>\n<p class=\"link-more\"><a class=\"myButt \" href=\"https:\/\/kegeln-in-neheim.de\/?page_id=62\">Read More<\/a><\/p>\n","protected":false},"author":1,"featured_media":0,"parent":0,"menu_order":0,"comment_status":"closed","ping_status":"closed","template":"","meta":[],"_links":{"self":[{"href":"https:\/\/kegeln-in-neheim.de\/index.php?rest_route=\/wp\/v2\/pages\/62"}],"collection":[{"href":"https:\/\/kegeln-in-neheim.de\/index.php?rest_route=\/wp\/v2\/pages"}],"about":[{"href":"https:\/\/kegeln-in-neheim.de\/index.php?rest_route=\/wp\/v2\/types\/page"}],"author":[{"embeddable":true,"href":"https:\/\/kegeln-in-neheim.de\/index.php?rest_route=\/wp\/v2\/users\/1"}],"replies":[{"embeddable":true,"href":"https:\/\/kegeln-in-neheim.de\/index.php?rest_route=%2Fwp%2Fv2%2Fcomments&post=62"}],"version-history":[{"count":10,"href":"https:\/\/kegeln-in-neheim.de\/index.php?rest_route=\/wp\/v2\/pages\/62\/revisions"}],"predecessor-version":[{"id":240,"href":"https:\/\/kegeln-in-neheim.de\/index.php?rest_route=\/wp\/v2\/pages\/62\/revisions\/240"}],"wp:attachment":[{"href":"https:\/\/kegeln-in-neheim.de\/index.php?rest_route=%2Fwp%2Fv2%2Fmedia&parent=62"}],"curies":[{"name":"wp","href":"https:\/\/api.w.org\/{rel}","templated":true}]}}