{"id":61,"date":"2020-01-07T12:26:16","date_gmt":"2020-01-07T11:26:16","guid":{"rendered":"http:\/\/kegeln-in-neheim.de\/?page_id=61"},"modified":"2022-06-21T14:21:49","modified_gmt":"2022-06-21T12:21:49","slug":"ueber-uns","status":"publish","type":"page","link":"https:\/\/kegeln-in-neheim.de\/?page_id=61","title":{"rendered":"\u00dcber uns"},"content":{"rendered":"\n<p><\/p>\n\n\n\n<p><strong>Kegelbahn Interessengemeinschaft \u2013 kurz KIG<\/strong><\/p>\n\n\n\n<p>Anfang der 1980\u2019er hatten einige M\u00e4nner in der Gemeinde die Idee, <br>f\u00fcr Gemeindemitglieder und die breite Bev\u00f6lkerung einen \u201eanderen\u201c Ort der Begegnung, des Austausches und der Gemeinschaft zu schaffen.<br>Nach gut 10 Jahren Planung, Organisation und st\u00e4ndiger \u00dcberzeugungsarbeit, konnte 1991 die Kegelbahn eingeweiht werden.<br>M\u00f6glich war und ist dies vor allen Dingen durch den ehrenamtlichen<br>Einsatz der KIG-Mitglieder beim Bau, Betrieb, Wartung und Pflege der Bahn.<br>Neben dem Betrieb und der Wartung der Kegelbahn, engagieren sich die M\u00e4nner der KIG ehrenamtlich auch in verschiedenen anderen Bereichen der Kirchengemeinde.<br><br>31 Jahre lang wurde der Betrieb und die Instandhaltung der Kegelbahn ehrenamtlich durch die KIG sichergestellt.<\/p>\n\n\n\n<p>Seit 2022 haben wir den Betrieb der Kegelbahn in zwei Hauptbereiche aufgeteilt, <br>den Bereich Verwaltung, sowie Instanthaltung\/Pflege.<br>Die Verantwortung f\u00fcr den Bereich Verwaltung liegt bei der Kirchengemeinde und beinhaltet u.a. alle Themen rund um die Vermietung.<br>Also, z.B. Terminanfragen, Terminverschiebungen \/-absagen,<br>Abrechnung der Kegeltermine (Bahngeb\u00fchren und Getr\u00e4nke), Einkauf Getr\u00e4nke, Reinigung und<br>viele mehr.<\/p>\n\n\n\n<p>Die KIG ist weiterhin f\u00fcr die technische Instandhaltung, Wartung und Pflege der Kegelanlage verantwortlich und bringt sich selbstverst\u00e4ndlich auch weiterhin in vielf\u00e4ltiger Form in das Gemeindeleben ein.<br><br><br><\/p>\n\n\n\n<figure class=\"wp-block-embed is-type-video is-provider-youtube wp-block-embed-youtube wp-embed-aspect-16-9 wp-has-aspect-ratio\"><div class=\"wp-block-embed__wrapper\">\n<iframe loading=\"lazy\" title=\"Die KIG\" width=\"640\" height=\"360\" src=\"https:\/\/www.youtube.com\/embed\/WoFuMoU7Vlc?feature=oembed\" frameborder=\"0\" allow=\"accelerometer; autoplay; clipboard-write; encrypted-media; gyroscope; picture-in-picture\" allowfullscreen><\/iframe>\n<\/div><\/figure>\n\n\n\n<p><br><br><br><br><\/p>\n\n\n\n<p><strong>Artikel in der Septett Ausgabe 1\/2022 Nr. 16:<\/strong><\/p>\n\n\n\n<div class=\"wp-block-file\"><object class=\"wp-block-file__embed\" data=\"https:\/\/kegeln-in-neheim.de\/wp-content\/uploads\/2022\/06\/24-25.pdf\" type=\"application\/pdf\" style=\"width:100%;height:600px\" aria-label=\"Einbettung von 24-25.\"><\/object><a id=\"wp-block-file--media-1d628749-6368-49ec-8ed9-16a4cee5fc81\" href=\"https:\/\/kegeln-in-neheim.de\/wp-content\/uploads\/2022\/06\/24-25.pdf\">24-25<\/a><a href=\"https:\/\/kegeln-in-neheim.de\/wp-content\/uploads\/2022\/06\/24-25.pdf\" class=\"wp-block-file__button\" download aria-describedby=\"wp-block-file--media-1d628749-6368-49ec-8ed9-16a4cee5fc81\">Herunterladen<\/a><\/div>\n","protected":false},"excerpt":{"rendered":"<p>Kegelbahn Interessengemeinschaft \u2013 kurz KIG Anfang der 1980\u2019er hatten einige M\u00e4nner in der Gemeinde die Idee, f\u00fcr Gemeindemitglieder und die breite Bev\u00f6lkerung<\/p>\n<p class=\"link-more\"><a class=\"myButt \" href=\"https:\/\/kegeln-in-neheim.de\/?page_id=61\">Read More<\/a><\/p>\n","protected":false},"author":1,"featured_media":0,"parent":0,"menu_order":0,"comment_status":"closed","ping_status":"closed","template":"","meta":[],"_links":{"self":[{"href":"https:\/\/kegeln-in-neheim.de\/index.php?rest_route=\/wp\/v2\/pages\/61"}],"collection":[{"href":"https:\/\/kegeln-in-neheim.de\/index.php?rest_route=\/wp\/v2\/pages"}],"about":[{"href":"https:\/\/kegeln-in-neheim.de\/index.php?rest_route=\/wp\/v2\/types\/page"}],"author":[{"embeddable":true,"href":"https:\/\/kegeln-in-neheim.de\/index.php?rest_route=\/wp\/v2\/users\/1"}],"replies":[{"embeddable":true,"href":"https:\/\/kegeln-in-neheim.de\/index.php?rest_route=%2Fwp%2Fv2%2Fcomments&post=61"}],"version-history":[{"count":10,"href":"https:\/\/kegeln-in-neheim.de\/index.php?rest_route=\/wp\/v2\/pages\/61\/revisions"}],"predecessor-version":[{"id":275,"href":"https:\/\/kegeln-in-neheim.de\/index.php?rest_route=\/wp\/v2\/pages\/61\/revisions\/275"}],"wp:attachment":[{"href":"https:\/\/kegeln-in-neheim.de\/index.php?rest_route=%2Fwp%2Fv2%2Fmedia&parent=61"}],"curies":[{"name":"wp","href":"https:\/\/api.w.org\/{rel}","templated":true}]}}